{"id":21599,"date":"2017-09-26T14:19:16","date_gmt":"2017-09-26T18:19:16","guid":{"rendered":"https:\/\/www.thenatureofcities.com\/?page_id=21599"},"modified":"2021-03-12T16:34:21","modified_gmt":"2021-03-12T21:34:21","slug":"em-portugues","status":"publish","type":"page","link":"https:\/\/www.thenatureofcities.com\/TNOC\/the-nature-of-cities\/em-portugues\/","title":{"rendered":"Qual \u00e9 a organiza\u00e7\u00e3o TNOC?"},"content":{"rendered":"<h3>Miss\u00e3o da TNOC: Acreditamos que o caminho para as cidades que s\u00e3o melhores para as pessoas e para a natureza \u00e9 atrav\u00e9s do di\u00e1logo e da colabora\u00e7\u00e3o transdisciplinar. A miss\u00e3o da The Nature of Cities \u00e9 curar conversas conjuntas sobre urbanismo atrav\u00e9s de formas de conhecimento e modos de ac\u00e7\u00e3o. Criamos programas, eventos, conhecimento e engajamentos transdisciplinares, publicamente dispon\u00edveis e amplamente disseminados para a constru\u00e7\u00e3o de cidades verdes. Lutamos por cidades em todo o mundo que sejam resilientes, sustent\u00e1veis, habit\u00e1veis e justas.<\/h3>\n<p><strong>TNOC como colmeia de ideias<\/strong><\/p>\n<p>The Nature of Cities\u00a0\u00e9 uma plataforma internacional para compartilhar id\u00e9ias diversas e transformadoras sobre as cidades como ecossistemas de pessoas, natureza e infra-estrutura. Estamos comprometidos com a concep\u00e7\u00e3o e cria\u00e7\u00e3o de melhores cidades para todos: cidades que s\u00e3o resistentes, sustent\u00e1veis, habit\u00e1veis \u200b\u200be justas.<\/p>\n<p>As cidades s\u00e3o ecossistemas de habitat humano. Um movimento crescente na ecologia social urbana sustenta que a constru\u00e7\u00e3o da cidade exige uma lente verde &#8211; que o design urbano, com e n\u00e3o contra a natureza, melhora o ambiente global e as vidas das pessoas. A TNOC tem como objetivo apoiar e impulsionar esse movimento, curando uma rede de l\u00edderes de pensamento e publicando suas id\u00e9ias. Compreendemos agora cerca de 600 contribuintes de todo o mundo: profissionais, cientistas, artistas, engenheiros, ecologistas, cientistas sociais, arquitetos, designers, arquitetos paisagistas, planejadores, ativistas, urbanistas, empres\u00e1rios, funcion\u00e1rios governamentais &#8211; todos trabalhando para realizar um processo transformador e participativo. Modelo para as cidades.<\/p>\n<p>A TNOC \u00e9 uma &#8220;organiza\u00e7\u00e3o fronteiri\u00e7a&#8221; interessada em id\u00e9ias nas fronteiras da ci\u00eancia, do design, da pol\u00edtica e das arte<\/p>\n<p>A Natureza das Cidades \u00e9 tr\u00eas organiza\u00e7\u00f5es irm\u00e3s juridicamente independentes, todas sem fins lucrativos, incluindo a Natureza das Cidades, a Natureza das Cidades &#8211; Fran\u00e7a e a Natureza das Cidades &#8211; Europa.<\/p>\n<p>Trabalhamos de tr\u00eas maneiras principais. Em primeiro lugar, publicamos uma revista virtual e um site de discuss\u00e3o que apresenta, em v\u00e1rios formatos, os diversos trabalhos e id\u00e9ias de nossos colaboradores ao redor do mundo. Em segundo lugar, desenvolvemos parcerias e projectos especiais relacionados com a nossa miss\u00e3o, tais como arte, cultura e ci\u00eancia. Em terceiro lugar, criamos eventos e confer\u00eancias on-line e ao vivo inovadores e interativos que envolvem diversas vozes, desde m\u00faltiplas formas de conhecimento e modos de a\u00e7\u00e3o at\u00e9 conversas conjuntas focadas em desafios espec\u00edficos. O mais recente desses eventos foi o The Nature of Cities Summit, em Paris, em junho de 2019, que reuniu 371 pessoas de 52 pa\u00edses: um evento transdisciplinar que reuniu cientistas, planejadores, designers e artistas em conversas conjuntas em ambientes de workshops interativos. A equipe do TNOC tamb\u00e9m est\u00e1 amplamente envolvida em diversos eventos, desde festivais de arte at\u00e9 workshops sobre comida urbana.<\/p>\n<p>A TNOC foi fundada e curada pelo Dr. David Maddox (New York City). (Com agradecimentos a e inspira\u00e7\u00e3o de Mike Houck de Portland, Oregon.) Escreva-nos em TNOC-Admin@thenatureofcities.com.<\/p>\n<p><strong>Por que publicamos em ingl\u00eas?<\/strong> Um dos principais objetivos do TNOC \u00e9 compartilhar id\u00e9ias de constru\u00e7\u00e3o de cidades atrav\u00e9s de fronteiras disciplinares e geogr\u00e1ficas. Para melhor ou pior, o ingl\u00eas \u00e9 a l\u00edngua mais prov\u00e1vel de ser compartilhada entre os construtores de cidades em todo o mundo. Al\u00e9m disso, n\u00e3o quisemos restringir o alcance de nossos ensaios publicando vers\u00f5es regionais somente na l\u00edngua da regi\u00e3o. As id\u00e9ias precisam ser compartilhadas mais amplamente. N\u00f3s simplesmente n\u00e3o temos o dinheiro para traduzir todos os nossos ensaios &#8211; e de qualquer maneira, que idioma (s) que n\u00f3s escolher\u00edamos? Respondemos com duas solu\u00e7\u00f5es imperfeitas. Primeiro, o Google Tradutor \u00e9 incorporado no site, para que os leitores possam escolher entre sua ampla lista de idiomas. Esta ferramenta est\u00e1 melhorando, e \u00e9 certamente melhor do que nada. Em segundo lugar, oferecemos a todos os nossos autores que eles podem fornecer uma segunda vers\u00e3o de seus ensaios em uma segunda l\u00edngua (de sua pr\u00f3pria tradu\u00e7\u00e3o).<\/p>\n<p style=\"text-align: center;\"><strong>* * * * *<\/strong><\/p>\n<p><strong>As cidades s\u00e3o espa\u00e7os fundamentalmente ecol\u00f3gicos.<\/strong> S\u00e3o <em><strong>ecossistemas<\/strong><\/em> repletos de \u00e1rvores e vegeta\u00e7\u00e3o que comp\u00f5em uma floresta urbana. Abrigam p\u00e1ssaros, insetos, pequenos mam\u00edferos, diversos habitats ecol\u00f3gicos e muito mais. Eles est\u00e3o conectados a \u00e1reas suburbanas e rurais ao longo de gradientes ecol\u00f3gicos. O bem-estar humano, a justi\u00e7a social eo design urbano eficaz est\u00e3o intimamente ligados \u00e0 sa\u00fade dos ecossistemas urbanos. As cidades s\u00e3o habitat para as pessoas e o design urbano com a natureza no centro \u00e9 essencial para a resili\u00eancia, sustentabilidade e habitabilidade.<\/p>\n<p><strong>Acreditamos que a natureza das cidades &#8211; por meio das quais as cidades s\u00e3o ecossistemas de pessoas, natureza verde e azul, biodiversidade e infra-estrutura constru\u00edda &#8230; h\u00e1bitat para as pessoas &#8211; precisa de mais vozes<\/strong>, mais perspectivas e conversas ampliadas sobre sua import\u00e2ncia cr\u00edtica para as pessoas E como ele pode ser promovido, conservado, gerenciado e, em alguns casos, projetado para o bem de todos.<\/p>\n<p><strong>A natureza das cidades<\/strong> <strong>\u00e9 uma plataforma \u2014\u00a0uma revista virtual e site de m\u00eddia<\/strong>\u00a0\u2014 para diversos conte\u00fados e conversas sobre esses temas, incluindo ensaios e mesas redondas virtuais. No futuro pr\u00f3ximo, vamos introduzir outros estilos de conversa. Somos um colaborativo de mais de 600 escritores de v\u00e1rias disciplinas e de muitos lugares ao redor do mundo. Novas colunas s\u00e3o publicadas tr\u00eas vezes por semana e giram entre nossa lista. As mesas-redondas virtuais, nas quais uma d\u00fazia de escritores respondem e discutem uma quest\u00e3o espec\u00edfica, aparecem todos os meses. Podcasts e resenhas de livros \/ eventos aparecem mais ou menos mensalmente.<\/p>\n<p><strong>Somos, por design, um grupo diverso<\/strong>, e nossas id\u00e9ias sobre a natureza das cidades emergem de perspectivas abrangentes.<\/p>\n<figure id=\"attachment_21856\" aria-describedby=\"caption-attachment-21856\" style=\"width: 604px\" class=\"wp-caption aligncenter\"><img loading=\"lazy\" decoding=\"async\" class=\"size-large wp-image-21856\" src=\"https:\/\/www.thenatureofcities.com\/TNOC\/wp-content\/uploads\/2012\/04\/Contributor-Distribution-2017-699x560.jpg\" alt=\"\" width=\"604\" height=\"484\" \/><figcaption id=\"caption-attachment-21856\" class=\"wp-caption-text\">De que disciplinas e ocupa\u00e7\u00f5es s\u00e3o escritores TNOC? Note que muitas dessas pessoas usam v\u00e1rios chap\u00e9us &#8211; este gr\u00e1fico \u00e9 a primeira coisa que eles chamam a si mesmos, mas n\u00e3o a \u00fanica coisa.<\/figcaption><\/figure>\n<p>Nossos colaboradores incluem ativistas, designers, bi\u00f3logos, ecologistas, soci\u00f3logos, economistas, artistas, arquitetos, artistas, paisagistas, escritores de natureza, l\u00edderes de organiza\u00e7\u00f5es comunit\u00e1rias, gestores de espa\u00e7o p\u00fablico, advogados e l\u00edderes em organiza\u00e7\u00f5es internacionais.<\/p>\n<p>Vivemos e trabalhamos em 27 pa\u00edses e seis continentes. Somos homens e mulheres. O estudo, o entendimento e a gest\u00e3o da natureza urbana \u00e9 fundamentalmente multidisciplinar e multifacetado (ou deveria ser), ea diversidade em nossas tentativas coletivas para honrar esse fato.<\/p>\n<figure id=\"attachment_20820\" aria-describedby=\"caption-attachment-20820\" style=\"width: 604px\" class=\"wp-caption aligncenter\"><img loading=\"lazy\" decoding=\"async\" class=\"size-large wp-image-20820\" src=\"https:\/\/www.thenatureofcities.com\/TNOC\/wp-content\/uploads\/2012\/04\/TNOCAuthorMap3p1-913x560.png\" alt=\"\" width=\"604\" height=\"370\" srcset=\"https:\/\/www.thenatureofcities.com\/TNOC\/wp-content\/uploads\/2012\/04\/TNOCAuthorMap3p1-913x560.png 913w, https:\/\/www.thenatureofcities.com\/TNOC\/wp-content\/uploads\/2012\/04\/TNOCAuthorMap3p1-100x61.png 100w\" sizes=\"auto, (max-width: 604px) 100vw, 604px\" \/><figcaption id=\"caption-attachment-20820\" class=\"wp-caption-text\">Onde vivem os contribuintes do TNOC.<\/figcaption><\/figure>\n<p>No entanto, continuamos a ser um trabalho em progresso, sempre nos esfor\u00e7ando para garantir que escrevemos a partir de muitas perspectivas.<\/p>\n<p><strong>Nosso p\u00fablico-alvo \u00e9 todo mundo<\/strong> interessado em criar melhores cidades que sejam resilientes, sustent\u00e1veis, habit\u00e1veis \u200b\u200be justas-cidades que funcionem efetivamente como ecossistemas e sejam melhores h\u00e1bitats para as pessoas.<\/p>\n<figure id=\"attachment_27130\" aria-describedby=\"caption-attachment-27130\" style=\"width: 604px\" class=\"wp-caption aligncenter\"><img loading=\"lazy\" decoding=\"async\" class=\"size-large wp-image-27130\" src=\"https:\/\/www.thenatureofcities.com\/TNOC\/wp-content\/uploads\/2018\/02\/2018-02-09-WhoVisits-625x560.jpg\" alt=\"\" width=\"604\" height=\"541\" \/><figcaption id=\"caption-attachment-27130\" class=\"wp-caption-text\">Quem visita TNOC? Os resultados de nossa pesquisa de leitores sugerem que eles v\u00eam de todas as disciplinas do urbanismo. Estas s\u00e3o autodescri\u00e7\u00f5es dos entrevistados, e as pessoas podem usar v\u00e1rios chap\u00e9us.<\/figcaption><\/figure>\n<figure id=\"attachment_24336\" aria-describedby=\"caption-attachment-24336\" style=\"width: 225px\" class=\"wp-caption alignright\"><img loading=\"lazy\" decoding=\"async\" class=\"wp-image-24336\" src=\"https:\/\/www.thenatureofcities.com\/TNOC\/wp-content\/uploads\/2012\/04\/TNOC-top-100-cities2017b-2.jpg\" alt=\"\" width=\"225\" height=\"756\" \/><figcaption id=\"caption-attachment-24336\" class=\"wp-caption-text\">As 100 cidades do mundo das quais as visitas do TNOC v\u00eam com mais freq\u00fc\u00eancia.<\/figcaption><\/figure>\n<p><strong>Nossos leitores<\/strong> visitaram quase um milh\u00e3o de vezes, de mais de 3.700 cidades e 150 pa\u00edses,\u00a0e s\u00e3o t\u00e3o diversos quanto nossos escritores.<\/p>\n<p><strong>N\u00f3s desejamos di\u00e1logo<\/strong> e coment\u00e1rios de nossa comunidade de leitores. Ent\u00e3o, por favor, mantenha contato.<\/p>\n<p>Cada uma das opini\u00f5es expressas nas publica\u00e7\u00f5es do nosso site s\u00e3o pr\u00f3prias do autor e emergem do ponto de vista da sua disciplina, mas <strong>os temas centrais da nossa escrita s\u00e3o o habitat humano, a natureza, os ecossistemas ea biodiversidade em ambientes urbanos<\/strong>, especialmente quando se relacionam Sustentabilidade, resili\u00eancia, habitabilidade e bem-estar humano.<\/p>\n<p><strong>Os direitos de cada ensaio e suas imagens s\u00e3o detidos conjuntamente pelos autores e designers \/ fot\u00f3grafos da pe\u00e7a em particular e The Nature of Cities.<\/strong> Os direitos ao site como um todo s\u00e3o detidos pela Nature of Cities\u00ae.<\/p>\n<p><strong>Conselho Administrativo:<br \/>\n<\/strong>Pippin Anderson, Cape Town<br \/>\nMarcus, Collier, Dublin<br \/>\nMarta Cecilia Fajardo, Bogot\u00e1<br \/>\nValerie Gwinner, Washington<br \/>\nMike Houck, Portland<br \/>\nGilles Lecuir, Paris<br \/>\nDavid Maddox, New York<br \/>\nSiobh\u00e1n McQuaid, Dublin<br \/>\nRodolpho Ramina, Curitiba<br \/>\nMary W. Rowe, Toronto<br \/>\nHuda Shaka, Dubai<br \/>\nChantal van Ham, Brussels<\/p>\n<p><strong>Former members of the Board:<\/strong><br \/>\nThomas Elmqvist, Stockholm<br \/>\nDavid Tittle,\u00a0London<\/p>\n<p><strong>Leadership:<br \/>\n<\/strong>David Maddox, Executive Director, New York<br \/>\nM&#8217;Lisa Colbert, Associate Director, Montreal<\/p>\n<p><strong>Editors:<\/strong><br \/>\nPatrick Lydon, Osaka (Arts &amp; Events)<br \/>\nCarmen Bouyer, Paris (Arts &amp; Events)<br \/>\nMalerie Lovejoy, Oxford (Fiction)<br \/>\nEmmalee Barnett, Springfield (Editorial Intern)<\/p>\n<p><strong>Special Projects:<\/strong><br \/>\nM&#8217;Lisa Colbert, Montreal<br \/>\nValerie Gwinner, Washington<br \/>\n<strong>China Editor\u4e2d\u56fd\u201c\u5fae\u4fe1\u201d\u7f16\u8f91:<br \/>\n<\/strong><span class=\"s1\">\u4e8e\u60a6\u6d0b<br \/>\n<\/span><span class=\"s1\">Yueyang Yu\/Braven<\/span><br \/>\n<strong>Fellows:<\/strong><br \/>\nRaymond Cha, New York<br \/>\nKatrine Claassens, Montreal<br \/>\nBram Gunther, New York<br \/>\n<strong>Webmasters<\/strong>:<br \/>\nKaren Tsugawa, San Francisco<br \/>\nArturo Lira P\u00e9rez, Las Vegas<\/p>\n<p><strong>Legal status:\u00a0<\/strong>The Nature of Cities\u00ae is a 501(c)3 Public Charity (as recognized by the U.S. Department of the Treasury), a nonprofit corporation registered in the State of New York. The Nature of Cities\u00ae is a registered trademark. TNOC Europe is a registered Charity in Ireland. TNOC France is a register Association in France.<\/p>\n<p><strong>Se voc\u00ea encontrar valor no que a TNOC faz,<\/strong> por favor considere nos apoiar com um presente \u00fanico ou recorrente.<br \/>\n<a class=\"dbox-donation-button\" style=\"background: #5cb85c url('https:\/\/d1iczxrky3cnb2.cloudfront.net\/white_logo.png') no-repeat 37px center; color: #fff; text-decoration: none; font-family: Verdana,sans-serif; display: inline-block; font-size: 16px; padding: 15px 38px 15px 75px; -webkit-border-radius: 2px; -moz-border-radius: 2px; border-radius: 2px; box-shadow: 0 1px 0 0 #408040; text-shadow: 0 1px rgba(0, 0, 0, 0.3);\" href=\"https:\/\/donorbox.org\/tnoc-general-fund?amount=50\">Donate<\/a><\/p>\n<p><strong>Hist\u00f3ria<\/strong>: Nosso site foi lan\u00e7ado em 12 de junho de 2012, originalmente projetado pela Pure + Applied. O site foi amplamente redesenhado em 2014 por Juan Pablo Gomez e\u00a0em 2021 por Kaaren Tsugawa.<\/p>\n<p><strong>Citando o TNOC<\/strong>: Para citar o conte\u00fado do TNOC, use o seguinte formato:<br \/>\nApelido do autor, primeiro nome. Ano. T\u00edtulo do artigo. A Natureza das Cidades. Data de publica\u00e7\u00e3o. Web: URL do conte\u00fado.<\/p>\n<p>Interessado em contribuir para TNOC? Escreva-nos e conte-nos um pouco sobre voc\u00ea e sobre os tipos de coisas sobre as quais voc\u00ea quer escrever.<\/p>\n<p><strong>\u00a9 2012-2018 The Nature of Cities\u00ae. A Natureza das Cidades \u00e9 uma marca registada. Todos os direitos reservados.<\/strong><\/p>\n","protected":false},"excerpt":{"rendered":"<p>Miss\u00e3o da TNOC: Acreditamos que o caminho para as cidades que s\u00e3o melhores para as pessoas e para a natureza \u00e9 atrav\u00e9s do di\u00e1logo e da colabora\u00e7\u00e3o transdisciplinar. A miss\u00e3o da The Nature of Cities \u00e9 curar conversas conjuntas sobre urbanismo atrav\u00e9s de formas de conhecimento e modos de ac\u00e7\u00e3o. Criamos programas, eventos, conhecimento e [&hellip;]<\/p>\n","protected":false},"author":1,"featured_media":24310,"parent":2,"menu_order":0,"comment_status":"closed","ping_status":"closed","template":"page_sevenwidth.php","meta":{"footnotes":""},"categories":[],"tags":[],"coauthors":[118],"class_list":["post-21599","page","type-page","status-publish","has-post-thumbnail","hentry"],"_links":{"self":[{"href":"https:\/\/www.thenatureofcities.com\/TNOC\/wp-json\/wp\/v2\/pages\/21599","targetHints":{"allow":["GET"]}}],"collection":[{"href":"https:\/\/www.thenatureofcities.com\/TNOC\/wp-json\/wp\/v2\/pages"}],"about":[{"href":"https:\/\/www.thenatureofcities.com\/TNOC\/wp-json\/wp\/v2\/types\/page"}],"author":[{"embeddable":true,"href":"https:\/\/www.thenatureofcities.com\/TNOC\/wp-json\/wp\/v2\/users\/1"}],"replies":[{"embeddable":true,"href":"https:\/\/www.thenatureofcities.com\/TNOC\/wp-json\/wp\/v2\/comments?post=21599"}],"version-history":[{"count":0,"href":"https:\/\/www.thenatureofcities.com\/TNOC\/wp-json\/wp\/v2\/pages\/21599\/revisions"}],"up":[{"embeddable":true,"href":"https:\/\/www.thenatureofcities.com\/TNOC\/wp-json\/wp\/v2\/pages\/2"}],"wp:featuredmedia":[{"embeddable":true,"href":"https:\/\/www.thenatureofcities.com\/TNOC\/wp-json\/wp\/v2\/media\/24310"}],"wp:attachment":[{"href":"https:\/\/www.thenatureofcities.com\/TNOC\/wp-json\/wp\/v2\/media?parent=21599"}],"wp:term":[{"taxonomy":"category","embeddable":true,"href":"https:\/\/www.thenatureofcities.com\/TNOC\/wp-json\/wp\/v2\/categories?post=21599"},{"taxonomy":"post_tag","embeddable":true,"href":"https:\/\/www.thenatureofcities.com\/TNOC\/wp-json\/wp\/v2\/tags?post=21599"},{"taxonomy":"author","embeddable":true,"href":"https:\/\/www.thenatureofcities.com\/TNOC\/wp-json\/wp\/v2\/coauthors?post=21599"}],"curies":[{"name":"wp","href":"https:\/\/api.w.org\/{rel}","templated":true}]}}